{"id":241,"date":"2021-05-05T07:45:20","date_gmt":"2021-05-05T07:45:20","guid":{"rendered":"https:\/\/www.jaqu.org\/?page_id=241"},"modified":"2026-01-02T07:08:46","modified_gmt":"2026-01-02T07:08:46","slug":"impressum-3","status":"publish","type":"page","link":"https:\/\/www.jaqu.org\/en\/impressum-3\/","title":{"rendered":"Impressum"},"content":{"rendered":"<p><b>Inhaltlich verantwortlichgem\u00e4\u00df \u00a7 6 MDStV<\/b><\/p>\n<p><span style=\"font-weight: 400;\">Karl-Heinz Jansen, Dr. Sebastian Marx, Dr. med. Dirk Thomas Quak<\/span><\/p>\n<p><span style=\"font-weight: 400;\">Carl-von-Linde-Stra\u00dfe 2, 82256 F\u00fcrstenfeldbruck<\/span><span style=\"font-weight: 400;\"><br \/>\n<\/span><span style=\"font-weight: 400;\">08141 15042 70<\/span><span style=\"font-weight: 400;\"><br \/>\n<\/span><span style=\"font-weight: 400;\">info@jaqu-invent.de<\/span><\/p>\n<p><span style=\"font-weight: 400;\">Umsatzsteuer-Identifikationsnummer gem. \u00a7 27a UStG: DE312525917<\/span><\/p>\n<p><b>Haftung f\u00fcr Inhalte<\/b><\/p>\n<p><span style=\"font-weight: 400;\">Als Diensteanbieter sind wir gem\u00e4\u00df \u00a7 7 Abs.1 TMG f\u00fcr eigene Inhalte auf diesen Seiten nach den allgemeinen Gesetzen verantwortlich. Nach \u00a7\u00a7 8 bis 10 TMG sind wir als Diensteanbieter jedoch nicht verpflichtet, \u00fcbermittelte oder gespeicherte fremde Informationen zu \u00fcberwachen oder nach Umst\u00e4nden zu forschen, die auf eine rechtswidrige T\u00e4tigkeit hinweisen.<\/span><\/p>\n<p><span style=\"font-weight: 400;\">Verpflichtungen zur Entfernung oder Sperrung der Nutzung von Informationen nach den allgemeinen Gesetzen bleiben hiervon unber\u00fchrt. Eine diesbez\u00fcgliche Haftung ist jedoch erst ab dem Zeitpunkt der Kenntnis einer konkreten Rechtsverletzung m\u00f6glich. Bei Bekanntwerden von entsprechenden Rechtsverletzungen werden wir diese Inhalte umgehend entfernen.<\/span><\/p>\n<p><b>Haftung f\u00fcr Links<\/b><\/p>\n<p><span style=\"font-weight: 400;\">Unser Angebot enth\u00e4lt Links zu externen Webseiten Dritter, auf deren Inhalte wir keinen Einfluss haben. Deshalb k\u00f6nnen wir f\u00fcr diese fremden Inhalte auch keine Gew\u00e4hr \u00fcbernehmen. F\u00fcr die Inhalte der verlinkten Seiten ist stets der jeweilige Anbieter oder Betreiber der Seiten verantwortlich. Die verlinkten Seiten wurden zum Zeitpunkt der Verlinkung auf m\u00f6gliche Rechtsverst\u00f6\u00dfe \u00fcberpr\u00fcft. Rechtswidrige Inhalte waren zum Zeitpunkt der Verlinkung nicht erkennbar.<\/span><\/p>\n<p><span style=\"font-weight: 400;\">Eine permanente inhaltliche Kontrolle der verlinkten Seiten ist jedoch ohne konkrete Anhaltspunkte einer Rechtsverletzung nicht zumutbar. Bei Bekanntwerden von Rechtsverletzungen werden wir derartige Links umgehend entfernen.<\/span><\/p>\n<p><b>Urheberrecht<\/b><\/p>\n<p><span style=\"font-weight: 400;\">Die durch die Seitenbetreiber erstellten Inhalte und Werke auf diesen Seiten unterliegen dem deutschen Urheberrecht. Die Vervielf\u00e4ltigung, Bearbeitung, Verbreitung und jede Art der Verwertung au\u00dferhalb der Grenzen des Urheberrechtes bed\u00fcrfen der schriftlichen Zustimmung des jeweiligen Autors bzw. Erstellers. Downloads und Kopien dieser Seite sind nur f\u00fcr den privaten, nicht kommerziellen Gebrauch gestattet.<\/span><\/p>\n<p><span style=\"font-weight: 400;\">Soweit die Inhalte auf dieser Seite nicht vom Betreiber erstellt wurden, werden die Urheberrechte Dritter beachtet. Insbesondere werden Inhalte Dritter als solche gekennzeichnet. Sollten Sie trotzdem auf eine Urheberrechtsverletzung aufmerksam werden, bitten wir um einen entsprechenden Hinweis. Bei Bekanntwerden von Rechtsverletzungen werden wir derartige Inhalte umgehend entfernen.<\/span><\/p>\n<p><span style=\"font-weight: 400;\">Quellenangaben: <\/span><a href=\"http:\/\/www.e-recht24.de\/muster-disclaimer.html\"><span style=\"font-weight: 400;\">eRecht24 Disclaimer<\/span><\/a><\/p>\n<p><span style=\"font-weight: 400;\">Copyright Webseite: Karl-Heinz Jansen, Dr. Sebastian Marx, Dr. Thomas Quak<\/span><span style=\"font-weight: 400;\"><br \/>\n<\/span><span style=\"font-weight: 400;\">Graphikdesign: <\/span><a href=\"https:\/\/www.spiel-sinn.design\/Home.8.0.html\"><span style=\"font-weight: 400;\">spiel-sinn design<\/span><span style=\"font-weight: 400;\"><br \/>\n<\/span><\/a><span style=\"font-weight: 400;\">Fremdinhalte unterliegen dem Copyright der jeweiligen Anbieter.<\/span><\/p>\n<p>&nbsp;<\/p>\n","protected":false},"excerpt":{"rendered":"<p>Inhaltlich verantwortlichgem\u00e4\u00df \u00a7 6 MDStV Karl-Heinz Jansen, Dr. Sebastian Marx, Dr. med. Dirk Thomas Quak Carl-von-Linde-Stra\u00dfe 2, 82256 F\u00fcrstenfeldbruck 08141 15042 70 info@jaqu-invent.de Umsatzsteuer-Identifikationsnummer gem. \u00a7 27a UStG: DE312525917 Haftung f\u00fcr Inhalte Als Diensteanbieter sind wir gem\u00e4\u00df \u00a7 7 Abs.1 TMG f\u00fcr eigene Inhalte auf diesen Seiten nach den allgemeinen Gesetzen verantwortlich. Nach \u00a7\u00a7 8 [&hellip;]<\/p>\n","protected":false},"author":1,"featured_media":0,"parent":0,"menu_order":0,"comment_status":"closed","ping_status":"closed","template":"","meta":{"footnotes":""},"class_list":["post-241","page","type-page","status-publish","hentry"],"_links":{"self":[{"href":"https:\/\/www.jaqu.org\/en\/wp-json\/wp\/v2\/pages\/241","targetHints":{"allow":["GET"]}}],"collection":[{"href":"https:\/\/www.jaqu.org\/en\/wp-json\/wp\/v2\/pages"}],"about":[{"href":"https:\/\/www.jaqu.org\/en\/wp-json\/wp\/v2\/types\/page"}],"author":[{"embeddable":true,"href":"https:\/\/www.jaqu.org\/en\/wp-json\/wp\/v2\/users\/1"}],"replies":[{"embeddable":true,"href":"https:\/\/www.jaqu.org\/en\/wp-json\/wp\/v2\/comments?post=241"}],"version-history":[{"count":6,"href":"https:\/\/www.jaqu.org\/en\/wp-json\/wp\/v2\/pages\/241\/revisions"}],"predecessor-version":[{"id":697,"href":"https:\/\/www.jaqu.org\/en\/wp-json\/wp\/v2\/pages\/241\/revisions\/697"}],"wp:attachment":[{"href":"https:\/\/www.jaqu.org\/en\/wp-json\/wp\/v2\/media?parent=241"}],"curies":[{"name":"wp","href":"https:\/\/api.w.org\/{rel}","templated":true}]}}