{"id":27,"date":"2020-11-17T22:18:52","date_gmt":"2020-11-17T22:18:52","guid":{"rendered":"https:\/\/www.kta4.com\/jaqu-invent\/?page_id=27"},"modified":"2026-01-02T07:13:36","modified_gmt":"2026-01-02T07:13:36","slug":"agb","status":"publish","type":"page","link":"https:\/\/www.jaqu.org\/en\/agb\/","title":{"rendered":"Terms &#038; Conditions"},"content":{"rendered":"<div class=\"entry-content\">\n<p><strong>1 ALLGEMEINES, GELTUNGSBEREICH<\/strong><\/p>\n<\/div>\n<div class=\"entry-content\">\n<p>Diese allgemeinen Gesch\u00e4ftsbedingungen (im Weiteren \u201eAGB\u201c genannt) gelten f\u00fcr alle Gesch\u00e4ftsbeziehungen zwischen <strong><em>der jaqu invent; Jansen\/Quak Institut f\u00fcr hom\u00f6opathische und naturmedizinische Forschung GbR<\/em><\/strong> (nachfolgend \u201eAnbieter\u201c genannt) und ihrem Kunden in der jeweiligen zum Zeitpunkt des Vertragsschlusses geltenden Fassung.Abweichende allgemeine Gesch\u00e4ftsbedingungen des Kunden werden zur\u00fcckgewiesen.<\/p>\n<p>Als Kunden nach \u00a71 (1) gelten sowohl Verbraucher als auch Unternehmer. Verbraucher ist jede nat\u00fcrliche Person, bei der der Zweck der Bestellung nicht einer gewerblichen, selbst\u00e4ndigen oder freiberuflichen T\u00e4tigkeit zugerechnet werden kann. Dagegen ist ein Unternehmer eine nat\u00fcrliche oder juristische Person oder rechtsf\u00e4hige Personengesellschaft, die zu gewerblichen, selbst\u00e4ndigen oder freiberuflichen Zwecken bestellt.<\/p>\n<p><strong>2 BESTELLUNG VON EINMALLIEFERUNGEN UND ZUSTANDEKOMMEN DES VERTRAGES<\/strong><\/p>\n<p>Die Pr\u00e4sentation der Waren im Internet stellt kein bindendes Angebot des Anbieters auf Abschluss eines Kaufvertrages dar. Der Kunde wird hierdurch lediglich aufgefordert, durch eine Bestellung ein Angebot abzugeben.<\/p>\n<p>Bei Auswahl eines oder mehrerer Produkte und Ausf\u00fcllen des Bestellformulars mit Eingabe der relevanten Informationen wird der Bestellvorgang eingeleitet und mit Absendung des Formulars best\u00e4tigt.<\/p>\n<p>Durch das Absenden der Bestellung gibt der Kunde ein verbindliches Angebot gerichtet auf den Abschluss eines Kaufvertrages \u00fcber die definierten Waren ab. Mit dem Absenden der Bestellung erkennt der Kunde auch diese Gesch\u00e4ftsbedingungen als f\u00fcr das Rechtsverh\u00e4ltnis mit dem Anbieter allein ma\u00dfgeblich an.<\/p>\n<p>Der Anbieter best\u00e4tigt den Eingang der Bestellung des Kunden durch Versendung einer Proforma Rechnung mit den relevanten Konten-Daten.<\/p>\n<p>Diese Proforma-Rechnung stellt noch nicht die Annahme des Vertragsangebotes durch den Anbieter dar. Sie dient lediglich der Information des Kunden, dass die Bestellung beim Anbieter eingegangen ist. Der Verkaufsvertrag wird erst dann g\u00fcltig, wenn der Rechnungsbetrag innerhalb von 14 Tagen auf dem Konto des Anbieters eingeht. Die Auslieferung der Ware durch den Anbieter, erfolgt innerhalb von 6 Tagen nach Zahlungseingang. Sollte der vollst\u00e4ndige Betrag der Proforma-Rechnung nicht innerhalb von 14 Tagen auf dem Konto des Anbieters eingehen, so wird das gesamte Vertragsangebot ersatzlos storniert.<\/p>\n<p><strong>3 PREISE<\/strong><\/p>\n<p>F\u00fcr Bestellungen gelten die zum Zeitpunkt der Bestellung f\u00fcr die Produkte aufgef\u00fchrten Preise. Alle genannten Preise beinhalten die deutsche gesetzliche Mehrwertsteuer und verstehen sich zuz\u00fcglich Versandkosten. Zus\u00e4tzliche Kosten werden gesondert berechnet.<\/p>\n<p><strong>4 LIEFERBEDINGUNGEN<\/strong><\/p>\n<p>F\u00fcr die Lieferung nach Deutschland werden bei einem Warenwert von weniger als 80 \u20ac, Versandkosten in H\u00f6he von 4,70 \u20ac berechnet. Bei einem Warenwert von mehr als 80 \u20ac erfolgt der Versand nach Deutschland kostenfrei.<\/p>\n<p>Der Anbieter ist zu Teillieferungen und Teilleistungen berechtigt. Dabei entstehende Kosten tr\u00e4gt der Anbieter.<\/p>\n<p>Die Lieferung innerhalb Deutschlands erfolgt \u00fcber DHL. Der Anbieter versendet von Montag bis Freitagmittag.<\/p>\n<p>Nimmt ein K\u00e4ufer die Ware nicht ab, so kann der Anbieter nach Ablauf einer Frist von 2 Wochen die Ware an einen Dritten verkaufen und den urspr\u00fcnglichen K\u00e4ufer f\u00fcr einen eventuell entstandenen Verlust haftbar machen.<\/p>\n<p>Sollte die Ware aufgrund h\u00f6herer Gewalt oder Produkteinstellung nicht lieferbar sein oder der Anbieter die bestellten Produkte nicht unter zumutbaren Bedingungen beschaffen k\u00f6nnen und sollten diese Umst\u00e4nde erst nach Vertragsschluss eingetreten und nicht durch den Anbieter zu verantworten sein, so wird der Anbieter von der Lieferpflicht befreit. Sollten Ereignisse, die dem Anbieter die Lieferung wesentlich erschweren oder unm\u00f6glich machen \u2013 beispielsweise Streik,<\/p>\n<p>Aussperrung, beh\u00f6rdliche Anordnungen oder \u00c4hnliches \u2013 eintreten, hat der Anbieter Verz\u00f6gerungen auch bei verbindlich vereinbarten Fristen und Terminen nicht zu vertreten.<\/p>\n<p>Machen Sie von Ihrem Widerrufsrecht Gebrauch, tr\u00e4gt der Anbieter die regelm\u00e4\u00dfigen Kosten der R\u00fccksendung.<\/p>\n<p>Sollte die Ware ausgeliefert sein und vom Kunden die Sterilsiegel der Umverpackung ge\u00f6ffnet sein, kann die Ware nicht zur\u00fcckgenommen werden.<\/p>\n<p><strong>5 GEFAHREN\u00dcBERGANG<\/strong><\/p>\n<p>Bei Kunden geht die Gefahr eines unvorhersehbaren Untergangs und einer zuf\u00e4lligen Verschlechterung der bestellten Ware mit der \u00dcbergabe derselben an den Kunden oder einen von ihm bestimmten Empf\u00e4nger \u00fcber. Dies gilt unabh\u00e4ngig davon, ob der Versand versichert erfolgt oder nicht. In den \u00fcbrigen F\u00e4llen geht die Gefahr eines unvorhersehbaren Untergangs und einer zuf\u00e4lligen Verschlechterung der bestellten Ware mit der \u00dcbergabe, beim Versendungskauf mit der Auslieferung der Ware an den Spediteur oder der sonst zur Ausf\u00fchrung der Versendung bestimmten Person oder Anstalt auf den K\u00e4ufer \u00fcber.<\/p>\n<p>6 EIGENTUMSVORBEHALT<\/p>\n<p>Bei Verbrauchern behalten wir uns das Eigentum an der Kaufsache bis zur vollst\u00e4ndigen Zahlung des Rechnungsbetrags vor. Sind Sie Unternehmer in Aus\u00fcbung Ihrer gewerblichen oder selbst\u00e4ndigen beruflichen T\u00e4tigkeit, eine juristische Person des \u00f6ffentlichen Rechts oder \u00f6ffentlich-rechtliches Sonderverm\u00f6gen, behalten wir uns das Eigentum an der Kaufsache bis zum Ausgleich aller noch offenen Forderungen aus der Gesch\u00e4ftsverbindung mit dem Besteller vor. Die entsprechenden Sicherungsrechte sind auf Dritte \u00fcbertragbar.<\/p>\n<p>7 F\u00c4LLIGKEIT<\/p>\n<p>Die Zahlung des Kaufpreises ist mit Vertragsschluss f\u00e4llig.<\/p>\n<p>8 HAFTUNGSAUSSCHLUSS<\/p>\n<p>Schadensersatzanspr\u00fcche des Kunden sind ausgeschlossen, soweit nachfolgend nichts anderes bestimmt ist. Der vorstehende Haftungsausschluss gilt auch zugunsten der gesetzlichen Vertreter und Erf\u00fcllungsgehilfen des Anbieters, sofern der Kunde Anspr\u00fcche gegen diese geltend macht.<\/p>\n<p>Von dem unter Ziffer 1 bestimmten Haftungsausschluss ausgenommen sind Schadensersatzanspr\u00fcche aufgrund einer Verletzung des Lebens, des K\u00f6rpers, der Gesundheit und Schadensersatzanspr\u00fcche aus der Verletzung wesentlicher Vertragspflichten. Wesentliche Vertragspflichten sind solche, deren Erf\u00fcllung zur Erreichung des Ziels des Vertrags notwendig ist, z.B. hat der Anbieter dem Kunden die Sache frei von Sach- und Rechtsm\u00e4ngeln zu \u00fcbergeben und das Eigentum an ihr zu verschaffen. Von dem Haftungsausschluss ebenfalls ausgenommen ist die Haftung f\u00fcr Sch\u00e4den, die auf einer vors\u00e4tzlichen oder grob fahrl\u00e4ssigen Pflichtverletzung des Anbieters, seiner gesetzlichen Vertreter oder Erf\u00fcllungsgehilfen beruhen.<\/p>\n<p>9 ABTRETUNGS- UND VERPF\u00c4NDUNGSVERBOT<\/p>\n<p>Die Abtretung oder Verpf\u00e4ndung von dem Kunden gegen\u00fcber dem Anbieter zustehenden Anspr\u00fcchen oder Rechten ist ohne Zustimmung des Anbieters ausgeschlossen, sofern der Kunde nicht ein berechtigtes Interesse an der Abtretung oder Verpf\u00e4ndung nachweist.<\/p>\n<p>10 AUFRECHNUNG UND ZUR\u00dcCKBEHALTUNGSRECHT<\/p>\n<p>Ein Aufrechnungsrecht des Kunden besteht nur, wenn seine zur Aufrechnung gestellte Forderung rechtskr\u00e4ftig festgestellt wurde oder unbestritten ist. Au\u00dferdem haben Sie ein Zur\u00fcckbehaltungsrecht nur, wenn und soweit Ihr Gegenanspruch auf dem gleichen Vertragsverh\u00e4ltnis beruht.<\/p>\n<p>Befindet sich der Kunde uns gegen\u00fcber mit irgendwelchen Zahlungsverpflichtungen im Verzug, so werden s\u00e4mtliche bestehende Forderungen sofort f\u00e4llig.<\/p>\n<p>Bei Fragen zu Erhebung, Verarbeitung oder Nutzung Ihrer personenbezogenen Daten, bei Ausk\u00fcnften, Berichtigung, Sperrung oder L\u00f6schung von Daten sowie Widerruf erteilter Einwilligungen wenden Sie sich bitte an: +49 8141 150 470.<\/p>\n<p>11 WIDERRUFSBELEHRUNG<\/p>\n<p>Sie haben das Recht, diesen Vertrag binnen vierzehn Tagen ohne Angabe von Gr\u00fcnden zu widerrufen.<\/p>\n<p>Die Widerrufsfrist betr\u00e4gt vierzehn Tage:<\/p>\n<p>Im Falle eines Kaufvertrages ab dem Tag an dem Sie oder ein von Ihnen benannter Dritter, der nicht der Bef\u00f6rderer ist, die Waren in Besitz genommen haben bzw. hat.<\/p>\n<p>Im Falle eines Vertrages \u00fcber mehrerer Waren, die im Rahmen einer einheitlichen Bestellung bestellt wurden und die getrennt geliefert werden ab dem Tag an dem Sie oder ein von Ihnen benannter Dritter, der nicht der Bef\u00f6rderer ist, die letzte Ware in Besitz genommen haben bzw. hat.<\/p>\n<p>Um Ihr Widerrufsrecht auszu\u00fcben, m\u00fcssen Sie uns (<strong><em>der jaqu invent; Jansen\/Quak Institut f\u00fcr hom\u00f6opathische und naturmedizinische Forschung GbR ~ Carl-von-Linde-Strasse 2 ~ D-82256 F\u00fcrstenfeldbruck, info@jaqu-invent.de\u00a0\u00a0 <\/em><\/strong>) mittels einer eindeutigen Erkl\u00e4rung (z. B. ein mit der Post versandter Brief oder E-Mail) \u00fcber Ihren Entschluss, diesen Vertrag zu widerrufen, informieren. Sie k\u00f6nnen daf\u00fcr das beigef\u00fcgte Muster-Widerrufsformular verwenden, das jedoch nicht vorgeschrieben ist.<\/p>\n<p>Zur Wahrung der Widerrufsfrist reicht es aus, dass Sie die Mitteilung \u00fcber die Aus\u00fcbung des Widerrufsrechts vor Ablauf der Widerrufsfrist absenden.<\/p>\n<p>Folgen des Widerrufs<\/p>\n<p>Wenn Sie diesen Vertrag widerrufen, haben wir Ihnen alle Zahlungen, die wir von Ihnen erhalten haben, einschlie\u00dflich der Lieferkosten (mit Ausnahme der zus\u00e4tzlichen Kosten, die sich daraus ergeben, dass Sie eine andere Art der Lieferung als die von uns angebotene, g\u00fcnstigste Standartlieferung gew\u00e4hlt haben), unverz\u00fcglich und sp\u00e4testens binnen vierzehn Tagen ab dem Tag zur\u00fcckzuzahlen, an dem die Mitteilung \u00fcber Ihren Widerruf dieses Vertrags bei uns eingegangen ist. F\u00fcr diese R\u00fcckzahlung verwenden wir dasselbe Zahlungsmittel, das Sie bei der urspr\u00fcnglichen Transaktion eingesetzt haben, es sei denn, mit Ihnen wurde ausdr\u00fccklich etwas anderes vereinbart; in keinem Fall werden Ihnen wegen dieser R\u00fcckzahlung Entgelte berechnet. Wir k\u00f6nnen die R\u00fcckzahlung verweigern, bis wir die Waren wieder zur\u00fcckerhalten haben oder bis Sie den Nachweis erbracht haben, dass Sie die Waren zur\u00fcckgesandt haben, je nachdem, welches der fr\u00fchere Zeitpunkt ist.<\/p>\n<p>Sie haben die Waren unverz\u00fcglich und in jedem Fall bis sp\u00e4testens binnen vierzehn Tagen ab dem Tag, an dem Sie uns \u00fcber den Widerruf dieses Vertrags unterrichten, an die<\/p>\n<p>jaqu invent; Jansen\/Quak Institut f\u00fcr hom\u00f6opathische und naturmedizinische Forschung<\/p>\n<p>Carl-von-Linde-Strasse 2<\/p>\n<p>D-82256 F\u00fcrstenfeldbruck<\/p>\n<p>zur\u00fcckzusenden oder zu \u00fcbergeben. Die Frist ist gewahrt, wenn Sie die Waren vor Ablauf der Frist von vierzehn Tagen absenden. Wir tragen die Kosten der R\u00fccksendung der Waren.<\/p>\n<p>Sie m\u00fcssen f\u00fcr einen etwaigen Wertverlust der Waren nur aufkommen, wenn dieser Wertverlust auf einen zur Pr\u00fcfung der Beschaffenheit, Eigenschaften und Funktionsweise der Waren nicht notwendigen Umgang mit ihnen zur\u00fcckzuf\u00fchren ist.<\/p>\n<p>12 WIDERRUFSFORMULAR<\/p>\n<p>Wenn Sie den Vertrag widerrufen m\u00f6chten, f\u00fcllen Sie bitte dieses Formular aus und senden Sie es zur\u00fcck.<\/p>\n<p>An:<\/p>\n<p>jaqu invent; Jansen\/Quak Institut f\u00fcr hom\u00f6opathische und naturmedizinische Forschung<\/p>\n<p>Carl-von-Linde-Strasse 2<\/p>\n<p>D-82256 F\u00fcrstenfeldbruck<\/p>\n<p>info@jaqu-invent.de<\/p>\n<p>Hiermit widerrufe(n) ich\/wir (*) den von mir\/uns (*) abgeschlossenen Vertrag \u00fcber den Kauf der folgenden Waren (*)\/die Erbringung der folgenden Dienstleistung (*)<\/p>\n<p>&nbsp;<\/p>\n<p>\u2013 Bestellt am (*)\/erhalten am (*) ______________________________<\/p>\n<p>&nbsp;<\/p>\n<p>\u2013 Name des\/der Verbraucher(s): ______________________________<\/p>\n<p>&nbsp;<\/p>\n<p>\u2013 Bestellnummer: ______________________________<\/p>\n<p>&nbsp;<\/p>\n<p>\u2013 Anschrift des\/der Verbraucher(s):<\/p>\n<p>&nbsp;<\/p>\n<p>______________________________<\/p>\n<p>&nbsp;<\/p>\n<p>______________________________<\/p>\n<p>&nbsp;<\/p>\n<p>\u2013 Unterschrift des\/der Verbraucher(s) (nur bei Mitteilung auf Papier):<\/p>\n<p>&nbsp;<\/p>\n<p>______________________________<\/p>\n<p>&nbsp;<\/p>\n<p>\u2013 Datum:<\/p>\n<p>(*) Unzutreffendes streichen.<\/p>\n<p>&nbsp;<\/p>\n<p>13 GESETZLICHE M\u00c4NGELHAFTUNG<\/p>\n<p>F\u00fcr alle unsere Produkte gilt die gesetzliche M\u00e4ngelhaftung.<\/p>\n<p>Wichtiger Hinweis: Bitte konsultieren Sie Ihren Arzt bei bekannten Unvertr\u00e4glichkeiten. Gleiches gilt zu m\u00f6glichen Wechselwirkungen mit anderen von Ihnen zeitgleich eingenommenen Produkten.<\/p>\n<p>14 RECHTSWAHL &#038; GERICHTSSTAND<\/p>\n<p>Auf die vertraglichen Beziehungen zwischen dem Anbieter und dem Kunden findet das Recht der Bundesrepublik Deutschland Anwendung. Von dieser Rechtswahl ausgenommen sind die zwingenden Verbraucherschutzvorschriften des Landes, in dem der Kunde seinen gew\u00f6hnlichen Aufenthalt hat. Die Anwendung des UN-Kaufrechts ist ausgeschlossen.<\/p>\n<p>Gerichtsstand f\u00fcr alle Streitigkeiten aus dem Vertragsverh\u00e4ltnis zwischen dem Kunden und dem Anbieter ist der Sitz des Anbieters, sofern es sich bei dem Kunden um einen Kaufmann, eine juristische Person des \u00f6ffentlichen Rechts oder ein \u00f6ffentlich-rechtliches Sonderverm\u00f6gen handelt.<\/p>\n<p>15 DATENSCHUTZ<\/p>\n<p>Zum Datenschutz gelten die Regelungen unserer Datenschutzerkl\u00e4rung.<\/p>\n<p>16 ZUGANG ZUM VERTRAGSTEXT<\/p>\n<p>Wir speichern den Vertragstext und senden Ihnen die Bestelldaten per E- Mail zu. Die AGB k\u00f6nnen Sie jederzeit einsehen.<\/p>\n<p>17 AUSSERGERICHTLICHE ONLINE-STREITBEILEGUNG<\/p>\n<p>Die Europ\u00e4ische Kommission stellt eine Plattform zur au\u00dfergerichtlichen Online-Streitbeilegung (OS) bereit, die Sie unter dem Link zur Plattform der Europ\u00e4ischen Kommission finden. Zur Teilnahme an einem Streitbeilegungsverfahren vor einer Verbraucherschlichtungsstelle sind wir nicht verpflichtet und nicht bereit.<\/p>\n<p>18 SALVATORISCHE KLAUSEL<\/p>\n<p>Sollte eine Bestimmung dieser allgemeinen Gesch\u00e4ftsbedingungen unwirksam sein, wird davon die Wirksamkeit der \u00fcbrigen Bestimmungen nicht ber\u00fchrt.<\/p>\n<p><strong>jaqu invent; Jansen\/Quak Institut f\u00fcr hom\u00f6opathische und naturmedizinische Forschung GbR<\/strong><\/p>\n<p>Carl-von-Linde-Strasse 2<\/p>\n<p>D-82256 F\u00fcrstenfeldbruck<\/p>\n<p>USt.-ID DE312525917<\/p>\n<p>Gesch\u00e4ftsf\u00fchrung: Karl-Heinz Jansen und Dr. Dirk Thomas Quak<\/p>\n<p>Stand: November 2017<\/p>\n<p>In diesen AGB genannte Vorschriften des B\u00fcrgerlichen Gesetzbuchs (BGB) finden Sie unter http:\/\/bundesrecht.juris.de\/volltextsuche.html<\/p>\n<\/div>\n","protected":false},"excerpt":{"rendered":"<p>1 ALLGEMEINES, GELTUNGSBEREICH Diese allgemeinen Gesch\u00e4ftsbedingungen (im Weiteren \u201eAGB\u201c genannt) gelten f\u00fcr alle Gesch\u00e4ftsbeziehungen zwischen der jaqu invent; Jansen\/Quak Institut f\u00fcr hom\u00f6opathische und naturmedizinische Forschung GbR (nachfolgend \u201eAnbieter\u201c genannt) und ihrem Kunden in der jeweiligen zum Zeitpunkt des Vertragsschlusses geltenden Fassung.Abweichende allgemeine Gesch\u00e4ftsbedingungen des Kunden werden zur\u00fcckgewiesen. Als Kunden nach \u00a71 (1) gelten sowohl Verbraucher [&hellip;]<\/p>\n","protected":false},"author":1,"featured_media":0,"parent":0,"menu_order":0,"comment_status":"closed","ping_status":"closed","template":"","meta":{"footnotes":""},"class_list":["post-27","page","type-page","status-publish","hentry"],"_links":{"self":[{"href":"https:\/\/www.jaqu.org\/en\/wp-json\/wp\/v2\/pages\/27","targetHints":{"allow":["GET"]}}],"collection":[{"href":"https:\/\/www.jaqu.org\/en\/wp-json\/wp\/v2\/pages"}],"about":[{"href":"https:\/\/www.jaqu.org\/en\/wp-json\/wp\/v2\/types\/page"}],"author":[{"embeddable":true,"href":"https:\/\/www.jaqu.org\/en\/wp-json\/wp\/v2\/users\/1"}],"replies":[{"embeddable":true,"href":"https:\/\/www.jaqu.org\/en\/wp-json\/wp\/v2\/comments?post=27"}],"version-history":[{"count":33,"href":"https:\/\/www.jaqu.org\/en\/wp-json\/wp\/v2\/pages\/27\/revisions"}],"predecessor-version":[{"id":700,"href":"https:\/\/www.jaqu.org\/en\/wp-json\/wp\/v2\/pages\/27\/revisions\/700"}],"wp:attachment":[{"href":"https:\/\/www.jaqu.org\/en\/wp-json\/wp\/v2\/media?parent=27"}],"curies":[{"name":"wp","href":"https:\/\/api.w.org\/{rel}","templated":true}]}}