{"id":332,"date":"2022-03-09T05:58:28","date_gmt":"2022-03-09T05:58:28","guid":{"rendered":"https:\/\/www.jaqu.org\/?post_type=product&#038;p=332"},"modified":"2023-07-10T05:26:37","modified_gmt":"2023-07-10T05:26:37","slug":"dr-stockhausens-propolis","status":"publish","type":"product","link":"https:\/\/www.jaqu.org\/en\/product\/dr-stockhausens-propolis\/","title":{"rendered":"Dr. Stockhausens Propolis"},"content":{"rendered":"<p><strong>Hauptinhaltstoffe:<\/strong> Aktiviertes, hochreines Propolis in ethanolischer L\u00f6sung auf Saccharoseglobuli Gr\u00f6\u00dfe Null in veganen HPMC-Kapseln<\/p>\n<p><strong>Wirkprinzip: <\/strong><span class=\"ILfuVd\"><span class=\"hgKElc\"><b>Propolis<\/b> ist ein Naturprodukt, das entz\u00fcndungshemmend, antimikrobiell und wundheilungsf\u00f6rdernd wirkt<\/span><\/span><\/p>\n<p><strong>Herkunft und Verarbeitung:<\/strong> Das Rohpropolis stammt aus den an den Amperauen aufgestellten Bienenst\u00f6cken von Dr. Stockhaus und wurde von uns mit ihm gemeinsam sorgf\u00e4ltig aufbereitet, gereinigt und in ethanolische L\u00f6sung \u00fcberf\u00fchrt. 1 mg tr\u00e4gerfreies, hochreines Propolis je Kapsel.<\/p>\n<p><strong>Literatur und Hinweise zu den Inhaltstoffen:<\/strong><\/p>\n<p>Propolis ist ein Bienenprodukt, das verschiedene medizinische Wirkungen hat. Es kann unter anderem:<\/p>\n<p>\u2022 Infektionen bek\u00e4mpfen: Propolis wirkt antibakteriell, antiviral und pilzhemmend. Es kann das Immunsystem st\u00e4rken und Erkrankungen der Atemwege, der Haut, des Magen-Darm-Trakts oder der Schleimh\u00e4ute lindern<br \/>\nhttps:\/\/www.netdoktor.de\/medikamente\/propolis\/https:\/\/www.gesundheit.de\/medizin\/naturheilmittel\/hausmittel\/propolishttps:\/\/praxistipps.focus.de\/propolis-wirkung-und-anwendung-einfach-erklaert_106301.<\/p>\n<p>\u2022 Wunden heilen: Propolis f\u00f6rdert die Wundheilung und verhindert die Entz\u00fcndung und Infektion von Verletzungen, Verbrennungen, Geschw\u00fcren oder Warzen<br \/>\nhttps:\/\/www.netdoktor.de\/medikamente\/propolis\/https:\/\/www.gesundheit.de\/medizin\/naturheilmittel\/hausmittel\/propolishttps:\/\/praxistipps.focus.de\/propolis-wirkung-und-anwendung-einfach-erklaert_106301.<\/p>\n<p>\u2022 Freie Radikale abwehren: Propolis hat eine antioxidative Wirkung, die die Zellen vor Sch\u00e4den durch freie Radikale sch\u00fctzt. Freie Radikale sind aggressive Sauerstoffverbindungen, die die Alterung und verschiedene Krankheiten f\u00f6rdern k\u00f6nnen<br \/>\nhttps:\/\/www.netdoktor.de\/medikamente\/propolis\/https:\/\/www.gesundheit.de\/medizin\/naturheilmittel\/hausmittel\/propolis.<\/p>\n<p>\u2022 Blutgef\u00e4\u00dfe st\u00e4rken: Propolis verbessert die Produktion von Stickstoffmonoxid im K\u00f6rper, das die Blutgef\u00e4\u00dfe erweitert und den Blutfluss verbessert. Das kann den Blutdruck senken und Herz-Kreislauf-Erkrankungen vorbeugen<br \/>\nhttps:\/\/www.gesundheit.de\/medizin\/naturheilmittel\/hausmittel\/propolis.<\/p>\n<p>&nbsp;<\/p>\n","protected":false},"excerpt":{"rendered":"<p>Hauptinhaltstoffe: Aktiviertes, hochreines Propolis in ethanolischer L\u00f6sung auf Saccharoseglobuli Gr\u00f6\u00dfe Null in veganen HPMC-Kapseln Wirkprinzip: Propolis ist ein Naturprodukt, das entz\u00fcndungshemmend, antimikrobiell und wundheilungsf\u00f6rdernd wirkt Herkunft und Verarbeitung: Das Rohpropolis stammt aus den an den Amperauen aufgestellten Bienenst\u00f6cken von Dr. Stockhaus und wurde von uns mit ihm gemeinsam sorgf\u00e4ltig aufbereitet, gereinigt und in ethanolische L\u00f6sung [&hellip;]<\/p>\n","protected":false},"featured_media":336,"template":"","meta":[],"product_brand":[],"product_cat":[19],"product_tag":[],"class_list":{"0":"post-332","1":"product","2":"type-product","3":"status-publish","4":"has-post-thumbnail","6":"product_cat-nahrungsergaenzung","8":"first","9":"instock","10":"taxable","11":"shipping-taxable","12":"purchasable","13":"product-type-simple"},"_links":{"self":[{"href":"https:\/\/www.jaqu.org\/en\/wp-json\/wp\/v2\/product\/332","targetHints":{"allow":["GET"]}}],"collection":[{"href":"https:\/\/www.jaqu.org\/en\/wp-json\/wp\/v2\/product"}],"about":[{"href":"https:\/\/www.jaqu.org\/en\/wp-json\/wp\/v2\/types\/product"}],"wp:featuredmedia":[{"embeddable":true,"href":"https:\/\/www.jaqu.org\/en\/wp-json\/wp\/v2\/media\/336"}],"wp:attachment":[{"href":"https:\/\/www.jaqu.org\/en\/wp-json\/wp\/v2\/media?parent=332"}],"wp:term":[{"taxonomy":"product_brand","embeddable":true,"href":"https:\/\/www.jaqu.org\/en\/wp-json\/wp\/v2\/product_brand?post=332"},{"taxonomy":"product_cat","embeddable":true,"href":"https:\/\/www.jaqu.org\/en\/wp-json\/wp\/v2\/product_cat?post=332"},{"taxonomy":"product_tag","embeddable":true,"href":"https:\/\/www.jaqu.org\/en\/wp-json\/wp\/v2\/product_tag?post=332"}],"curies":[{"name":"wp","href":"https:\/\/api.w.org\/{rel}","templated":true}]}}