{"id":35,"date":"2020-11-17T22:27:26","date_gmt":"2020-11-17T22:27:26","guid":{"rendered":"https:\/\/www.kta4.com\/jaqu-invent\/?post_type=product&#038;p=35"},"modified":"2023-07-10T05:45:19","modified_gmt":"2023-07-10T05:45:19","slug":"peonia-bestellung","status":"publish","type":"product","link":"https:\/\/www.jaqu.org\/en\/product\/peonia-bestellung\/","title":{"rendered":"Paeonia mild"},"content":{"rendered":"<p><strong>Pflegesalbe f\u00fcr empfindliche Schleimh\u00e4ute mit 2,5% Weihrauch und 2,5% Pfingstrosenessenz.<\/strong> Zur pflegenden \u00e4usserlichen Anwendung. Vegan.<br \/>\n<strong>Anwendung:<\/strong> Salbe zweimal t\u00e4glich d\u00fcnn auf betroffene Areale einmassieren. Nach dem \u00d6ffnen innerhalb von 6 Wochen verbrauchen. Nicht anwenden bei \u00dcberempfindlichkeit gegen einen der Inhaltsstoffe.<br \/>\n<strong>Bestandteile:<\/strong> Aqua deminerlisatum, Oleum olivarum (bio-zertifiziert), Emulsanum, Cremor alcoholis boswellianum, Cremor alcoholis paeonia officinalis, Gylcerum, Vaselinum, Xanthanum. ChrgNr: Pae19\/0603. Haltbar bis: 12\/21<\/p>\n<p><strong>Hauptinhaltstoffe:<\/strong> Ethanolisches Extrakt aus Paeonia officinalis (Wildpfingstrosenextrakt) und Weihrauchessenz aus Soxhletdestillation von Boswellia eritrea, Oliven\u00f6l.<\/p>\n<p><strong>Wirkprinzip:<\/strong> Wildpfingstrosenextrakt wirkt in Kombination mit Weihrauchessenz pflegend bei Entz\u00fcndungen und Rhagadenbildung im Schleimhautbereich.<\/p>\n<p><strong>Anwendungsgebiete:<\/strong> Wunder Babypopo, Mundwinkelrhagaden, H\u00e4morrhoiden, Marisken, Labienekzeme, Labienrhagaden, trockene Nasenschleimh\u00e4ute. Rissige Lippen. Z.n. Lippenherpes.<\/p>\n","protected":false},"excerpt":{"rendered":"<p>Pflegesalbe f\u00fcr empfindliche Schleimh\u00e4ute mit 2,5% Weihrauch und 2,5% Pfingstrosenessenz. Zur pflegenden \u00e4usserlichen Anwendung. Vegan. Anwendung: Salbe zweimal t\u00e4glich d\u00fcnn auf betroffene Areale einmassieren. Nach dem \u00d6ffnen innerhalb von 6 Wochen verbrauchen. Nicht anwenden bei \u00dcberempfindlichkeit gegen einen der Inhaltsstoffe. Bestandteile: Aqua deminerlisatum, Oleum olivarum (bio-zertifiziert), Emulsanum, Cremor alcoholis boswellianum, Cremor alcoholis paeonia officinalis, Gylcerum, [&hellip;]<\/p>\n","protected":false},"featured_media":196,"template":"","meta":[],"product_brand":[],"product_cat":[20],"product_tag":[],"class_list":{"0":"post-35","1":"product","2":"type-product","3":"status-publish","4":"has-post-thumbnail","6":"product_cat-salbe_balsam","8":"first","9":"instock","10":"taxable","11":"shipping-taxable","12":"purchasable","13":"product-type-simple"},"_links":{"self":[{"href":"https:\/\/www.jaqu.org\/en\/wp-json\/wp\/v2\/product\/35","targetHints":{"allow":["GET"]}}],"collection":[{"href":"https:\/\/www.jaqu.org\/en\/wp-json\/wp\/v2\/product"}],"about":[{"href":"https:\/\/www.jaqu.org\/en\/wp-json\/wp\/v2\/types\/product"}],"wp:featuredmedia":[{"embeddable":true,"href":"https:\/\/www.jaqu.org\/en\/wp-json\/wp\/v2\/media\/196"}],"wp:attachment":[{"href":"https:\/\/www.jaqu.org\/en\/wp-json\/wp\/v2\/media?parent=35"}],"wp:term":[{"taxonomy":"product_brand","embeddable":true,"href":"https:\/\/www.jaqu.org\/en\/wp-json\/wp\/v2\/product_brand?post=35"},{"taxonomy":"product_cat","embeddable":true,"href":"https:\/\/www.jaqu.org\/en\/wp-json\/wp\/v2\/product_cat?post=35"},{"taxonomy":"product_tag","embeddable":true,"href":"https:\/\/www.jaqu.org\/en\/wp-json\/wp\/v2\/product_tag?post=35"}],"curies":[{"name":"wp","href":"https:\/\/api.w.org\/{rel}","templated":true}]}}