{"id":58,"date":"2020-11-18T12:20:31","date_gmt":"2020-11-18T12:20:31","guid":{"rendered":"https:\/\/www.kta4.com\/jaqu-invent\/?post_type=product&#038;p=58"},"modified":"2023-07-10T05:12:14","modified_gmt":"2023-07-10T05:12:14","slug":"junctoagil","status":"publish","type":"product","link":"https:\/\/www.jaqu.org\/en\/product\/junctoagil\/","title":{"rendered":"junctoAgil\u00a9"},"content":{"rendered":"<p><strong>Hauptinhaltstoffe:<\/strong> Muskatnuss, Koriander, Cumin, Curcuma, Ceylon-Zimt Wirkprinzip: Die spezielle Gew\u00fcrzmischung wirkt an Gelenkknorpeln antientz\u00fcndlich, durchblutungsf\u00f6rdernd und regenerativ. <\/p>\n<p><strong>Wirkverst\u00e4rker:<\/strong> Natriumcarbonat\/Natriumbicarbonat.<br \/>\nWirkprinzip der Wirkverst\u00e4rker: Resorptionssteigerung durch intestinale Oberfl\u00e4chenvergr\u00f6\u00dferung (frothing) der Gew\u00fcrzmischung.<\/p>\n<p><strong>Anwendungsgebiete:<\/strong> Arthrosen der kleinen und mittleren Gelenke, Schmerzlinderung bei Arthralgien, Beweglichkeitssteigerung bei Arthrose. Heberdenarthrose. Muskul\u00e4re Verspannungen.<\/p>\n","protected":false},"excerpt":{"rendered":"<p>Hauptinhaltstoffe: Muskatnuss, Koriander, Cumin, Curcuma, Ceylon-Zimt Wirkprinzip: Die spezielle Gew\u00fcrzmischung wirkt an Gelenkknorpeln antientz\u00fcndlich, durchblutungsf\u00f6rdernd und regenerativ. Wirkverst\u00e4rker: Natriumcarbonat\/Natriumbicarbonat. Wirkprinzip der Wirkverst\u00e4rker: Resorptionssteigerung durch intestinale Oberfl\u00e4chenvergr\u00f6\u00dferung (frothing) der Gew\u00fcrzmischung. Anwendungsgebiete: Arthrosen der kleinen und mittleren Gelenke, Schmerzlinderung bei Arthralgien, Beweglichkeitssteigerung bei Arthrose. Heberdenarthrose. Muskul\u00e4re Verspannungen.<\/p>\n","protected":false},"featured_media":197,"template":"","meta":[],"product_brand":[],"product_cat":[19],"product_tag":[],"class_list":{"0":"post-58","1":"product","2":"type-product","3":"status-publish","4":"has-post-thumbnail","6":"product_cat-nahrungsergaenzung","8":"first","9":"instock","10":"taxable","11":"shipping-taxable","12":"purchasable","13":"product-type-simple"},"_links":{"self":[{"href":"https:\/\/www.jaqu.org\/en\/wp-json\/wp\/v2\/product\/58","targetHints":{"allow":["GET"]}}],"collection":[{"href":"https:\/\/www.jaqu.org\/en\/wp-json\/wp\/v2\/product"}],"about":[{"href":"https:\/\/www.jaqu.org\/en\/wp-json\/wp\/v2\/types\/product"}],"wp:featuredmedia":[{"embeddable":true,"href":"https:\/\/www.jaqu.org\/en\/wp-json\/wp\/v2\/media\/197"}],"wp:attachment":[{"href":"https:\/\/www.jaqu.org\/en\/wp-json\/wp\/v2\/media?parent=58"}],"wp:term":[{"taxonomy":"product_brand","embeddable":true,"href":"https:\/\/www.jaqu.org\/en\/wp-json\/wp\/v2\/product_brand?post=58"},{"taxonomy":"product_cat","embeddable":true,"href":"https:\/\/www.jaqu.org\/en\/wp-json\/wp\/v2\/product_cat?post=58"},{"taxonomy":"product_tag","embeddable":true,"href":"https:\/\/www.jaqu.org\/en\/wp-json\/wp\/v2\/product_tag?post=58"}],"curies":[{"name":"wp","href":"https:\/\/api.w.org\/{rel}","templated":true}]}}