{"id":60,"date":"2020-11-18T12:23:07","date_gmt":"2020-11-18T12:23:07","guid":{"rendered":"https:\/\/www.kta4.com\/jaqu-invent\/en\/?post_type=product&#038;p=60"},"modified":"2025-04-17T05:45:20","modified_gmt":"2025-04-17T05:45:20","slug":"jaquma-bos","status":"publish","type":"product","link":"https:\/\/www.jaqu.org\/en\/product\/jaquma-bos\/","title":{"rendered":"JAQUMA BOS\u00a9"},"content":{"rendered":"<p><strong>Hauptinhaltsstoffe:<\/strong> Curcuma und Weihrauch (boswellia eritrea)<\/p>\n<p><strong>Wirkprinzip:<\/strong> Die Inhaltsstoffe Curcuma und Weihrauch wirken in Kombination beruhigend, ausgleichend und antientz\u00fcndlich auf das Verdauungssystem. <\/p>\n<p><strong>Wirkverst\u00e4rker:<\/strong> Natriumcarbonat\/Natriumbicarbonat.<\/p>\n<p><strong>Wirkprinzip der Wirkverst\u00e4rker:<\/strong> Resorptionssteigerung durch intestinale Oberfl\u00e4chenvergr\u00f6\u00dferung (frothing) des Curcumapulvers.<\/p>\n<p><strong>Anwendungsgebiete:<\/strong> Chronische Darmentz\u00fcndungen, Reizdarmsyndrom, Verdauungsst\u00f6rungen, Darmsanierung nach Antibiose, postoperative Darmunregelm\u00e4\u00dfigkeiten.<\/p>\n","protected":false},"excerpt":{"rendered":"<p>Hauptinhaltsstoffe: Curcuma und Weihrauch (boswellia eritrea) Wirkprinzip: Die Inhaltsstoffe Curcuma und Weihrauch wirken in Kombination beruhigend, ausgleichend und antientz\u00fcndlich auf das Verdauungssystem. Wirkverst\u00e4rker: Natriumcarbonat\/Natriumbicarbonat. Wirkprinzip der Wirkverst\u00e4rker: Resorptionssteigerung durch intestinale Oberfl\u00e4chenvergr\u00f6\u00dferung (frothing) des Curcumapulvers. Anwendungsgebiete: Chronische Darmentz\u00fcndungen, Reizdarmsyndrom, Verdauungsst\u00f6rungen, Darmsanierung nach Antibiose, postoperative Darmunregelm\u00e4\u00dfigkeiten.<\/p>\n","protected":false},"featured_media":337,"template":"","meta":[],"product_brand":[],"product_cat":[19],"product_tag":[],"class_list":{"0":"post-60","1":"product","2":"type-product","3":"status-publish","4":"has-post-thumbnail","6":"product_cat-nahrungsergaenzung","8":"first","9":"instock","10":"taxable","11":"shipping-taxable","12":"purchasable","13":"product-type-simple"},"_links":{"self":[{"href":"https:\/\/www.jaqu.org\/en\/wp-json\/wp\/v2\/product\/60","targetHints":{"allow":["GET"]}}],"collection":[{"href":"https:\/\/www.jaqu.org\/en\/wp-json\/wp\/v2\/product"}],"about":[{"href":"https:\/\/www.jaqu.org\/en\/wp-json\/wp\/v2\/types\/product"}],"wp:featuredmedia":[{"embeddable":true,"href":"https:\/\/www.jaqu.org\/en\/wp-json\/wp\/v2\/media\/337"}],"wp:attachment":[{"href":"https:\/\/www.jaqu.org\/en\/wp-json\/wp\/v2\/media?parent=60"}],"wp:term":[{"taxonomy":"product_brand","embeddable":true,"href":"https:\/\/www.jaqu.org\/en\/wp-json\/wp\/v2\/product_brand?post=60"},{"taxonomy":"product_cat","embeddable":true,"href":"https:\/\/www.jaqu.org\/en\/wp-json\/wp\/v2\/product_cat?post=60"},{"taxonomy":"product_tag","embeddable":true,"href":"https:\/\/www.jaqu.org\/en\/wp-json\/wp\/v2\/product_tag?post=60"}],"curies":[{"name":"wp","href":"https:\/\/api.w.org\/{rel}","templated":true}]}}