{"id":61,"date":"2020-11-18T12:26:36","date_gmt":"2020-11-18T12:26:36","guid":{"rendered":"https:\/\/www.kta4.com\/jaqu-invent\/?post_type=product&#038;p=61"},"modified":"2024-01-17T06:31:45","modified_gmt":"2024-01-17T06:31:45","slug":"hypericolan-balsam","status":"publish","type":"product","link":"https:\/\/www.jaqu.org\/en\/product\/hypericolan-balsam\/","title":{"rendered":"Hypericolan Balsam"},"content":{"rendered":"<p><strong>Hauptinhaltstoffe:<\/strong> Ethanolisches Extrakt aus Hypericum perforatum (Johanniskraut) und Weihrauchessenz aus Soxhletdestillation von Boswellia eritrea, Hanf\u00f6l.<\/p>\n<p><strong>Wirkprinzip:<\/strong> Beruhigende Wirkung von Johanniskraut auf die Haut und das Nervensystem in Verbindung mit Weihrauch.<\/p>\n<p><strong>Anwendungsgebiete:<\/strong> Prellungen und Quetschungen von nervenreichen Regionen (Finger- und Zehenspitzen, Nasenspitze, Stei\u00dfbein. Lokale Neuralgien. Dys\u00e4sthesien. Prophylaxe von Schwangerschaftsstreifen (Hypericum\u00f6l = Rot\u00f6l).<\/p>\n","protected":false},"excerpt":{"rendered":"<p>Hauptinhaltstoffe: Ethanolisches Extrakt aus Hypericum perforatum (Johanniskraut) und Weihrauchessenz aus Soxhletdestillation von Boswellia eritrea, Hanf\u00f6l. Wirkprinzip: Beruhigende Wirkung von Johanniskraut auf die Haut und das Nervensystem in Verbindung mit Weihrauch. Anwendungsgebiete: Prellungen und Quetschungen von nervenreichen Regionen (Finger- und Zehenspitzen, Nasenspitze, Stei\u00dfbein. Lokale Neuralgien. Dys\u00e4sthesien. Prophylaxe von Schwangerschaftsstreifen (Hypericum\u00f6l = Rot\u00f6l).<\/p>\n","protected":false},"featured_media":198,"template":"","meta":[],"product_brand":[],"product_cat":[20],"product_tag":[],"class_list":{"0":"post-61","1":"product","2":"type-product","3":"status-publish","4":"has-post-thumbnail","6":"product_cat-salbe_balsam","8":"first","9":"instock","10":"taxable","11":"shipping-taxable","12":"purchasable","13":"product-type-simple"},"_links":{"self":[{"href":"https:\/\/www.jaqu.org\/en\/wp-json\/wp\/v2\/product\/61","targetHints":{"allow":["GET"]}}],"collection":[{"href":"https:\/\/www.jaqu.org\/en\/wp-json\/wp\/v2\/product"}],"about":[{"href":"https:\/\/www.jaqu.org\/en\/wp-json\/wp\/v2\/types\/product"}],"wp:featuredmedia":[{"embeddable":true,"href":"https:\/\/www.jaqu.org\/en\/wp-json\/wp\/v2\/media\/198"}],"wp:attachment":[{"href":"https:\/\/www.jaqu.org\/en\/wp-json\/wp\/v2\/media?parent=61"}],"wp:term":[{"taxonomy":"product_brand","embeddable":true,"href":"https:\/\/www.jaqu.org\/en\/wp-json\/wp\/v2\/product_brand?post=61"},{"taxonomy":"product_cat","embeddable":true,"href":"https:\/\/www.jaqu.org\/en\/wp-json\/wp\/v2\/product_cat?post=61"},{"taxonomy":"product_tag","embeddable":true,"href":"https:\/\/www.jaqu.org\/en\/wp-json\/wp\/v2\/product_tag?post=61"}],"curies":[{"name":"wp","href":"https:\/\/api.w.org\/{rel}","templated":true}]}}