{"id":64,"date":"2020-11-18T12:33:14","date_gmt":"2020-11-18T12:33:14","guid":{"rendered":"https:\/\/www.kta4.com\/jaqu-invent\/?post_type=product&#038;p=64"},"modified":"2023-07-10T05:42:19","modified_gmt":"2023-07-10T05:42:19","slug":"phimona-dermolysin","status":"publish","type":"product","link":"https:\/\/www.jaqu.org\/en\/product\/phimona-dermolysin\/","title":{"rendered":"Phimona dermolysin"},"content":{"rendered":"<p><strong>Hauptinhaltstoffe:<\/strong> Ethanolisches Extrakt aus Weihrauchessenz aus Soxhletdestillation in Verbindung mit Hanf\u00f6l und Urea. <\/p>\n<p><strong>Wirkprinzip:<\/strong> Weihrauch wirkt in Verbindung mit Hanf\u00f6l und Urea antientz\u00fcndlich, pflegend und verklebungsl\u00f6send.<\/p>\n<p><strong>Anwendungsgebiete:<\/strong> Labien- und Vorhautverklebungen. Balanitiden.<\/p>\n","protected":false},"excerpt":{"rendered":"<p>Hauptinhaltstoffe: Ethanolisches Extrakt aus Weihrauchessenz aus Soxhletdestillation in Verbindung mit Hanf\u00f6l und Urea. Wirkprinzip: Weihrauch wirkt in Verbindung mit Hanf\u00f6l und Urea antientz\u00fcndlich, pflegend und verklebungsl\u00f6send. Anwendungsgebiete: Labien- und Vorhautverklebungen. Balanitiden.<\/p>\n","protected":false},"featured_media":202,"template":"","meta":[],"product_brand":[],"product_cat":[20],"product_tag":[],"class_list":{"0":"post-64","1":"product","2":"type-product","3":"status-publish","4":"has-post-thumbnail","6":"product_cat-salbe_balsam","8":"first","9":"instock","10":"taxable","11":"shipping-taxable","12":"purchasable","13":"product-type-simple"},"_links":{"self":[{"href":"https:\/\/www.jaqu.org\/en\/wp-json\/wp\/v2\/product\/64","targetHints":{"allow":["GET"]}}],"collection":[{"href":"https:\/\/www.jaqu.org\/en\/wp-json\/wp\/v2\/product"}],"about":[{"href":"https:\/\/www.jaqu.org\/en\/wp-json\/wp\/v2\/types\/product"}],"wp:featuredmedia":[{"embeddable":true,"href":"https:\/\/www.jaqu.org\/en\/wp-json\/wp\/v2\/media\/202"}],"wp:attachment":[{"href":"https:\/\/www.jaqu.org\/en\/wp-json\/wp\/v2\/media?parent=64"}],"wp:term":[{"taxonomy":"product_brand","embeddable":true,"href":"https:\/\/www.jaqu.org\/en\/wp-json\/wp\/v2\/product_brand?post=64"},{"taxonomy":"product_cat","embeddable":true,"href":"https:\/\/www.jaqu.org\/en\/wp-json\/wp\/v2\/product_cat?post=64"},{"taxonomy":"product_tag","embeddable":true,"href":"https:\/\/www.jaqu.org\/en\/wp-json\/wp\/v2\/product_tag?post=64"}],"curies":[{"name":"wp","href":"https:\/\/api.w.org\/{rel}","templated":true}]}}