{"id":70,"date":"2020-11-18T12:47:42","date_gmt":"2020-11-18T12:47:42","guid":{"rendered":"https:\/\/www.kta4.com\/jaqu-invent\/?post_type=product&#038;p=70"},"modified":"2022-12-11T06:00:54","modified_gmt":"2022-12-11T06:00:54","slug":"hypericolan-elexier","status":"publish","type":"product","link":"https:\/\/www.jaqu.org\/en\/product\/hypericolan-elexier\/","title":{"rendered":"Hypericolan Elixir"},"content":{"rendered":"<p><strong>Hauptinhaltstoffe:<\/strong> Ethanolisches Extrakt aus Hypericum perforatum (Johanniskraut), Obstbrand 40%<\/p>\n<p><strong>Wirkprinzip:<\/strong> Beruhigende Wirkung von Johanniskraut auf das Nervensystem. Nicht f\u00fcr Kinder geeignet.<\/p>\n<p><strong>Anwendungsgebiete:<\/strong> Schlafst\u00f6rungen, Folgen von Schreck und Schock, Unruhezust\u00e4nde, \u00c4ngste, Albtr\u00e4ume.<\/p>\n","protected":false},"excerpt":{"rendered":"<p>Hauptinhaltstoffe: Ethanolisches Extrakt aus Hypericum perforatum (Johanniskraut), Obstbrand 40% Wirkprinzip: Beruhigende Wirkung von Johanniskraut auf das Nervensystem. Nicht f\u00fcr Kinder geeignet. Anwendungsgebiete: Schlafst\u00f6rungen, Folgen von Schreck und Schock, Unruhezust\u00e4nde, \u00c4ngste, Albtr\u00e4ume.<\/p>\n","protected":false},"featured_media":204,"template":"","meta":[],"product_brand":[],"product_cat":[15],"product_tag":[],"class_list":{"0":"post-70","1":"product","2":"type-product","3":"status-publish","4":"has-post-thumbnail","6":"product_cat-uncategorized","8":"first","9":"instock","10":"taxable","11":"shipping-taxable","12":"purchasable","13":"product-type-simple"},"_links":{"self":[{"href":"https:\/\/www.jaqu.org\/en\/wp-json\/wp\/v2\/product\/70","targetHints":{"allow":["GET"]}}],"collection":[{"href":"https:\/\/www.jaqu.org\/en\/wp-json\/wp\/v2\/product"}],"about":[{"href":"https:\/\/www.jaqu.org\/en\/wp-json\/wp\/v2\/types\/product"}],"wp:featuredmedia":[{"embeddable":true,"href":"https:\/\/www.jaqu.org\/en\/wp-json\/wp\/v2\/media\/204"}],"wp:attachment":[{"href":"https:\/\/www.jaqu.org\/en\/wp-json\/wp\/v2\/media?parent=70"}],"wp:term":[{"taxonomy":"product_brand","embeddable":true,"href":"https:\/\/www.jaqu.org\/en\/wp-json\/wp\/v2\/product_brand?post=70"},{"taxonomy":"product_cat","embeddable":true,"href":"https:\/\/www.jaqu.org\/en\/wp-json\/wp\/v2\/product_cat?post=70"},{"taxonomy":"product_tag","embeddable":true,"href":"https:\/\/www.jaqu.org\/en\/wp-json\/wp\/v2\/product_tag?post=70"}],"curies":[{"name":"wp","href":"https:\/\/api.w.org\/{rel}","templated":true}]}}